{"id":1853,"date":"2016-07-17T23:41:17","date_gmt":"2016-07-17T23:41:17","guid":{"rendered":"https:\/\/makua.com.mx\/eshop\/?post_type=product&#038;p=1853"},"modified":"2021-10-09T02:57:12","modified_gmt":"2021-10-09T02:57:12","slug":"jabon-canela-cafe-menta","status":"publish","type":"product","link":"https:\/\/makua.com.mx\/eshop\/producto\/jabon-canela-cafe-menta\/","title":{"rendered":"Jab\u00f3n Canela Caf\u00e9 Menta 100g"},"content":{"rendered":"<p><strong>Funciones<\/strong>: Promueve una sana circulaci\u00f3n, combate celulitis, piel de naranja, afrodis\u00edaco es exfoliante.<br \/>\n<strong>Modo de empleo<\/strong>: Directo en la piel con suaves masajes hasta hacer espuma, dejar actuar unos minutos y enjuagar<br \/>\n<strong>Extractos<\/strong>: Canela, caf\u00e9, menta<br \/>\n<strong>Recomendaciones<\/strong>: Para todo tipo de piel<br \/>\n<strong>Aroma<\/strong>: A especias, canela y caf\u00e9<br \/>\n<strong>Consistencia<\/strong>: S\u00f3lida<br \/>\n<strong>INGREDIENTES<\/strong>: Aceites vegetales, agua destilada, hidr\u00f3xido de sodio, karit\u00e9, vitamina E, mezcla de aceites esenciales, caf\u00e9 org\u00e1nico, canela y menta piperita, extracto de toronja como conservador natural.<\/p>\n","protected":false},"excerpt":{"rendered":"<p>El aceite esencial de canela promueve una sana circulaci\u00f3n\u00a0 es afrodis\u00edaco y regula la temperatura corporal. El caf\u00e9 en grano elimina c\u00e9lulas muertas, piel de naranja y es antioxidante. El aceite esencial de menta tonifica el cuerpo y reafirma los m\u00fasculos. La mezcla de sus aceites esenciales, promueve el amor propio y la alegr\u00eda.<\/p>\n","protected":false},"featured_media":3570,"comment_status":"open","ping_status":"closed","template":"","meta":[],"product_brand":[],"product_cat":[222,274,229],"product_tag":[279],"class_list":{"0":"post-1853","1":"product","2":"type-product","3":"status-publish","4":"has-post-thumbnail","6":"product_cat-cuerpo","7":"product_cat-jabon-artesanal","8":"product_cat-regadera","9":"product_tag-patchouli","10":"product_shipping_class-mensajeria","12":"first","13":"instock","14":"shipping-taxable","15":"purchasable","16":"product-type-simple"},"_links":{"self":[{"href":"https:\/\/makua.com.mx\/eshop\/wp-json\/wp\/v2\/product\/1853","targetHints":{"allow":["GET"]}}],"collection":[{"href":"https:\/\/makua.com.mx\/eshop\/wp-json\/wp\/v2\/product"}],"about":[{"href":"https:\/\/makua.com.mx\/eshop\/wp-json\/wp\/v2\/types\/product"}],"replies":[{"embeddable":true,"href":"https:\/\/makua.com.mx\/eshop\/wp-json\/wp\/v2\/comments?post=1853"}],"wp:featuredmedia":[{"embeddable":true,"href":"https:\/\/makua.com.mx\/eshop\/wp-json\/wp\/v2\/media\/3570"}],"wp:attachment":[{"href":"https:\/\/makua.com.mx\/eshop\/wp-json\/wp\/v2\/media?parent=1853"}],"wp:term":[{"taxonomy":"product_brand","embeddable":true,"href":"https:\/\/makua.com.mx\/eshop\/wp-json\/wp\/v2\/product_brand?post=1853"},{"taxonomy":"product_cat","embeddable":true,"href":"https:\/\/makua.com.mx\/eshop\/wp-json\/wp\/v2\/product_cat?post=1853"},{"taxonomy":"product_tag","embeddable":true,"href":"https:\/\/makua.com.mx\/eshop\/wp-json\/wp\/v2\/product_tag?post=1853"}],"curies":[{"name":"wp","href":"https:\/\/api.w.org\/{rel}","templated":true}]}}