{"id":1828,"date":"2016-06-27T23:52:38","date_gmt":"2016-06-27T23:52:38","guid":{"rendered":"https:\/\/makua.com.mx\/eshop\/?post_type=product&#038;p=1828"},"modified":"2021-10-09T02:47:33","modified_gmt":"2021-10-09T02:47:33","slug":"jabon-romero-100g","status":"publish","type":"product","link":"https:\/\/makua.com.mx\/eshop\/producto\/jabon-romero-100g\/","title":{"rendered":"Jab\u00f3n Romero 100g"},"content":{"rendered":"<p><b>Funciones: <\/b>Cicatrizante, anti estr\u00edas, claridad mental, reafirmante.<br \/>\n<b>Modo de empleo: <\/b>Directo en la piel con suave masaje hasta hacer espuma, dejar actuar unos minutos y enjuagar.<br \/>\n<b>Extractos: <\/b>Romero.<br \/>\n<b>Recomendaciones: <\/b>Pieles poco el\u00e1sticas y maltratadas.<br \/>\n<b>Aroma: <\/b>Fresco y Penetrante.<br \/>\n<b>Consistencia: <\/b>S\u00f3lida.<br \/>\n<b>INGREDIENTES:<\/b> Aceites vegetales, agua destilada, hidr\u00f3xido de sodio, karit\u00e9, vitamina E, mezcla de aceites esenciales, extracto de romero, romero seco org\u00e1nico, extracto de toronja como conservador natural.<\/p>\n","protected":false},"excerpt":{"rendered":"<p>El aceite esencial de Romero es cicatrizante, previene y disminuye las estr\u00edas ayudando a reafirmar la piel. Es un aceite esencial vigorizante, y estimulante. Promueve la concentraci\u00f3n mental, y es un poderoso antioxidante.<\/p>\n","protected":false},"featured_media":3212,"comment_status":"open","ping_status":"closed","template":"","meta":[],"product_brand":[],"product_cat":[274,229],"product_tag":[],"class_list":{"0":"post-1828","1":"product","2":"type-product","3":"status-publish","4":"has-post-thumbnail","6":"product_cat-jabon-artesanal","7":"product_cat-regadera","8":"product_shipping_class-mensajeria","10":"first","11":"instock","12":"shipping-taxable","13":"purchasable","14":"product-type-simple"},"_links":{"self":[{"href":"https:\/\/makua.com.mx\/eshop\/wp-json\/wp\/v2\/product\/1828","targetHints":{"allow":["GET"]}}],"collection":[{"href":"https:\/\/makua.com.mx\/eshop\/wp-json\/wp\/v2\/product"}],"about":[{"href":"https:\/\/makua.com.mx\/eshop\/wp-json\/wp\/v2\/types\/product"}],"replies":[{"embeddable":true,"href":"https:\/\/makua.com.mx\/eshop\/wp-json\/wp\/v2\/comments?post=1828"}],"wp:featuredmedia":[{"embeddable":true,"href":"https:\/\/makua.com.mx\/eshop\/wp-json\/wp\/v2\/media\/3212"}],"wp:attachment":[{"href":"https:\/\/makua.com.mx\/eshop\/wp-json\/wp\/v2\/media?parent=1828"}],"wp:term":[{"taxonomy":"product_brand","embeddable":true,"href":"https:\/\/makua.com.mx\/eshop\/wp-json\/wp\/v2\/product_brand?post=1828"},{"taxonomy":"product_cat","embeddable":true,"href":"https:\/\/makua.com.mx\/eshop\/wp-json\/wp\/v2\/product_cat?post=1828"},{"taxonomy":"product_tag","embeddable":true,"href":"https:\/\/makua.com.mx\/eshop\/wp-json\/wp\/v2\/product_tag?post=1828"}],"curies":[{"name":"wp","href":"https:\/\/api.w.org\/{rel}","templated":true}]}}