{"id":1760,"date":"2016-06-09T03:00:40","date_gmt":"2016-06-09T03:00:40","guid":{"rendered":"http:\/\/makua.com.mx\/eshop\/?post_type=product&#038;p=1760"},"modified":"2025-01-13T22:37:30","modified_gmt":"2025-01-13T22:37:30","slug":"exfoliante-coco-menta-y-miel","status":"publish","type":"product","link":"https:\/\/makua.com.mx\/eshop\/producto\/exfoliante-coco-menta-y-miel\/","title":{"rendered":"Exfoliante Corporal de Leche de Burra Org\u00e1nica, Caf\u00e9, Menta y Canela  150g"},"content":{"rendered":"<p><strong>Funciones:<\/strong> Mejora la circulaci\u00f3n, nutre y previene celulitis<br \/>\n<strong>Modo de empleo: <\/strong>Aplicar sobre la piel h\u00fameda con masajes circulares, dejar actuar y enjuagar, complementar con cepillo de cerdas naturales y manteca corporal de Caf\u00e9, Menta y Canela<br \/>\n<strong>Extractos: <\/strong>Caf\u00e9, Canela y Menta<br \/>\n<strong>Recomendaciones:<\/strong> Todo tipo de piel<br \/>\nAroma: <\/strong>Fresco, a Caf\u00e9 y Especias<br \/>\n<strong>Consistencia:<\/strong> Semi-s\u00f3lida<br \/>\n<strong>Ingredientes<\/strong>: Aceite de Coco, Arroz Molido, Sal de Mar, Leche de Burra Org\u00e1nica, Caf\u00e9 Org\u00e1nico Molido, Cacao en Polvo, Az\u00facar, C\u00e1scaras de Pepino y Mandarina Deshidratadas, Glicerina Vegetal, Aceite Esencial de Caf\u00e9, Lim\u00f3n, Menta y Canela, Fragancia, Conservador Org\u00e1nico.<\/p>\n","protected":false},"excerpt":{"rendered":"<p>Humecta la piel dej\u00e1ndola suave e hidratada. Elimina las c\u00e9lulas muertas y mejora la circulaci\u00f3n, es antioxidante, reafirma, previene varices y celulitis. Nutre a profundidad.<\/p>\n","protected":false},"featured_media":2509,"comment_status":"open","ping_status":"closed","template":"","meta":[],"product_brand":[],"product_cat":[222,272],"product_tag":[273,239,266,366],"class_list":{"0":"post-1760","1":"product","2":"type-product","3":"status-publish","4":"has-post-thumbnail","6":"product_cat-cuerpo","7":"product_cat-exfoliante","8":"product_tag-coco","9":"product_tag-menta","10":"product_tag-miel","11":"product_tag-vegetariano","12":"product_shipping_class-mensajeria","14":"first","15":"instock","16":"shipping-taxable","17":"purchasable","18":"product-type-simple"},"_links":{"self":[{"href":"https:\/\/makua.com.mx\/eshop\/wp-json\/wp\/v2\/product\/1760","targetHints":{"allow":["GET"]}}],"collection":[{"href":"https:\/\/makua.com.mx\/eshop\/wp-json\/wp\/v2\/product"}],"about":[{"href":"https:\/\/makua.com.mx\/eshop\/wp-json\/wp\/v2\/types\/product"}],"replies":[{"embeddable":true,"href":"https:\/\/makua.com.mx\/eshop\/wp-json\/wp\/v2\/comments?post=1760"}],"wp:featuredmedia":[{"embeddable":true,"href":"https:\/\/makua.com.mx\/eshop\/wp-json\/wp\/v2\/media\/2509"}],"wp:attachment":[{"href":"https:\/\/makua.com.mx\/eshop\/wp-json\/wp\/v2\/media?parent=1760"}],"wp:term":[{"taxonomy":"product_brand","embeddable":true,"href":"https:\/\/makua.com.mx\/eshop\/wp-json\/wp\/v2\/product_brand?post=1760"},{"taxonomy":"product_cat","embeddable":true,"href":"https:\/\/makua.com.mx\/eshop\/wp-json\/wp\/v2\/product_cat?post=1760"},{"taxonomy":"product_tag","embeddable":true,"href":"https:\/\/makua.com.mx\/eshop\/wp-json\/wp\/v2\/product_tag?post=1760"}],"curies":[{"name":"wp","href":"https:\/\/api.w.org\/{rel}","templated":true}]}}