{"id":1744,"date":"2016-10-01T02:33:48","date_gmt":"2016-10-01T02:33:48","guid":{"rendered":"http:\/\/makua.com.mx\/eshop\/?post_type=product&#038;p=1744"},"modified":"2025-02-13T01:04:23","modified_gmt":"2025-02-13T01:04:23","slug":"manteca-avellana","status":"publish","type":"product","link":"https:\/\/makua.com.mx\/eshop\/producto\/manteca-avellana\/","title":{"rendered":"Manteca de Avellanas"},"content":{"rendered":"<p><strong>Funciones<\/strong>: Para piel muy seca y agrietada<br \/>\n<strong>Modo de empleo<\/strong>: Aplicar directo sobre la piel con masajes circulares hasta su completa absorci\u00f3n.<br \/>\n<strong>Extractos<\/strong>: Aceite de Avellana<br \/>\n<strong>Recomendaciones<\/strong>: Para pieles muy sensibles y secas<br \/>\n<strong>Aroma<\/strong>: Dulce<br \/>\n<strong>Consistencia<\/strong>: Semi S\u00f3lida<br \/>\n<strong>INGREDIENTES<\/strong>: Agua destilada, glicerina vegetal, alcohol Cetear\u00edlico, cera de Candelilla, manteca de Karit\u00e9, Estearato de Gliceril, Decyl Oleate, manteca de cacao, aceite de oliva y de macadamia extra\u00eddo en fr\u00edo, aceite de avellana, vitamina E, fragancia y conservador Org\u00e1nico.<\/p>\n","protected":false},"excerpt":{"rendered":"<p>Hidrata, nutre\u00a0 y suaviza la piel\u00a0 sin dejar residuos grasos. El Aceite de avellana es rico en vitamina A y E y cuenta con 8 amino\u00e1cidos los cuales tienen un efecto antioxidante. Calma las pieles irritadas de una forma suave, siendo ideales para bebes, ni\u00f1os peque\u00f1os y personas que sufren diabetes. Mejora la apariencia de la piel delicada, seca, con dermatitis at\u00f3pica, eczemas o psoriasis.<\/p>\n","protected":false},"featured_media":5687,"comment_status":"open","ping_status":"closed","template":"","meta":[],"product_brand":[],"product_cat":[222,258],"product_tag":[271],"class_list":{"0":"post-1744","1":"product","2":"type-product","3":"status-publish","4":"has-post-thumbnail","6":"product_cat-cuerpo","7":"product_cat-manteca-corporal","8":"product_tag-avellana","9":"product_shipping_class-mensajeria","11":"first","12":"instock","13":"shipping-taxable","14":"purchasable","15":"product-type-variable","16":"has-default-attributes"},"_links":{"self":[{"href":"https:\/\/makua.com.mx\/eshop\/wp-json\/wp\/v2\/product\/1744","targetHints":{"allow":["GET"]}}],"collection":[{"href":"https:\/\/makua.com.mx\/eshop\/wp-json\/wp\/v2\/product"}],"about":[{"href":"https:\/\/makua.com.mx\/eshop\/wp-json\/wp\/v2\/types\/product"}],"replies":[{"embeddable":true,"href":"https:\/\/makua.com.mx\/eshop\/wp-json\/wp\/v2\/comments?post=1744"}],"wp:featuredmedia":[{"embeddable":true,"href":"https:\/\/makua.com.mx\/eshop\/wp-json\/wp\/v2\/media\/5687"}],"wp:attachment":[{"href":"https:\/\/makua.com.mx\/eshop\/wp-json\/wp\/v2\/media?parent=1744"}],"wp:term":[{"taxonomy":"product_brand","embeddable":true,"href":"https:\/\/makua.com.mx\/eshop\/wp-json\/wp\/v2\/product_brand?post=1744"},{"taxonomy":"product_cat","embeddable":true,"href":"https:\/\/makua.com.mx\/eshop\/wp-json\/wp\/v2\/product_cat?post=1744"},{"taxonomy":"product_tag","embeddable":true,"href":"https:\/\/makua.com.mx\/eshop\/wp-json\/wp\/v2\/product_tag?post=1744"}],"curies":[{"name":"wp","href":"https:\/\/api.w.org\/{rel}","templated":true}]}}