{"id":1743,"date":"2016-06-09T02:32:42","date_gmt":"2016-06-09T02:32:42","guid":{"rendered":"http:\/\/makua.com.mx\/eshop\/?post_type=product&#038;p=1743"},"modified":"2025-02-13T01:49:09","modified_gmt":"2025-02-13T01:49:09","slug":"manteca-mango","status":"publish","type":"product","link":"https:\/\/makua.com.mx\/eshop\/producto\/manteca-mango\/","title":{"rendered":"Manteca de Mango"},"content":{"rendered":"<p><strong>Funciones<\/strong>: Es antioxidante y vitamina tu piel.<br \/>\n<strong>Modo de empleo<\/strong>: Aplicar directo sobre la piel con masajes circulares hasta su completa absorci\u00f3n.<br \/>\n<strong>Extractos<\/strong>: Mango y Toronja.<br \/>\n<strong>Recomendaciones<\/strong>: Para pieles muy sensibles y secas.<br \/>\n<strong>Aroma<\/strong>: Frutal.<br \/>\n<strong>Consistencia<\/strong>: Semi S\u00f3lida.<br \/>\nIngredientes: Agua destilada, Glicerina Vegetal, Alcohol Cetear\u00edlico, Cera de Candelilla, Manteca de Karit\u00e9, Estearato de Glicerilo, Decyl Oleate, Manteca de Cacao, Aceite de Oliva y de Macadamia Extra\u00eddo en fr\u00edo, Manteca de Mango, Vitamina E, Fragancia y Conservador Org\u00e1nico.<\/p>\n","protected":false},"excerpt":{"rendered":"<p>La manteca de mango es rica en antioxidante, minerales,\u00a0 vitamina A y C y Fito esteroles que mejoran la barrera lipidica de la piel y la microcirculaci\u00f3n. Regenera y contiene poderosos antioxidantes que neutralizan los radicales libres y estimulan el col\u00e1geno.<\/p>\n<p>150g y 50g<\/p>\n","protected":false},"featured_media":4561,"comment_status":"open","ping_status":"closed","template":"","meta":[],"product_brand":[],"product_cat":[222,258],"product_tag":[253],"class_list":{"0":"post-1743","1":"product","2":"type-product","3":"status-publish","4":"has-post-thumbnail","6":"product_cat-cuerpo","7":"product_cat-manteca-corporal","8":"product_tag-mango","9":"product_shipping_class-mensajeria","11":"first","12":"instock","13":"shipping-taxable","14":"purchasable","15":"product-type-variable","16":"has-default-attributes"},"_links":{"self":[{"href":"https:\/\/makua.com.mx\/eshop\/wp-json\/wp\/v2\/product\/1743","targetHints":{"allow":["GET"]}}],"collection":[{"href":"https:\/\/makua.com.mx\/eshop\/wp-json\/wp\/v2\/product"}],"about":[{"href":"https:\/\/makua.com.mx\/eshop\/wp-json\/wp\/v2\/types\/product"}],"replies":[{"embeddable":true,"href":"https:\/\/makua.com.mx\/eshop\/wp-json\/wp\/v2\/comments?post=1743"}],"wp:featuredmedia":[{"embeddable":true,"href":"https:\/\/makua.com.mx\/eshop\/wp-json\/wp\/v2\/media\/4561"}],"wp:attachment":[{"href":"https:\/\/makua.com.mx\/eshop\/wp-json\/wp\/v2\/media?parent=1743"}],"wp:term":[{"taxonomy":"product_brand","embeddable":true,"href":"https:\/\/makua.com.mx\/eshop\/wp-json\/wp\/v2\/product_brand?post=1743"},{"taxonomy":"product_cat","embeddable":true,"href":"https:\/\/makua.com.mx\/eshop\/wp-json\/wp\/v2\/product_cat?post=1743"},{"taxonomy":"product_tag","embeddable":true,"href":"https:\/\/makua.com.mx\/eshop\/wp-json\/wp\/v2\/product_tag?post=1743"}],"curies":[{"name":"wp","href":"https:\/\/api.w.org\/{rel}","templated":true}]}}