{"id":1737,"date":"2016-06-09T02:28:30","date_gmt":"2016-06-09T02:28:30","guid":{"rendered":"http:\/\/makua.com.mx\/eshop\/?post_type=product&#038;p=1737"},"modified":"2024-11-22T07:10:26","modified_gmt":"2024-11-22T07:10:26","slug":"desodorante","status":"publish","type":"product","link":"https:\/\/makua.com.mx\/eshop\/producto\/desodorante\/","title":{"rendered":"Desodorante natural 50g"},"content":{"rendered":"<p><strong>Funciones<\/strong>: Elimina las bacterias que ocasionan el mal olor, promueve la sana desintoxicaci\u00f3n corporal.<br \/>\n<strong>Modo de empleo<\/strong>: Toma una peque\u00f1a cantidad con tu dedo y aplica directamente en la axila y\/o en pies para combatir el mal olor y hongos.<br \/>\n<strong>Extractos<\/strong>: Lavanda y \u00e1rbol de t\u00e9.<br \/>\n<strong>Recomendaciones<\/strong>: Para todo tipo de piel.<br \/>\n<strong>Consistencia<\/strong>: Pasta semi-s\u00f3lida.<br \/>\n<strong>INGREDIENTES<\/strong>: Aceite de coco org\u00e1nico, Bicarbonato de Sodio, piedra alumbre, mezcla de aceites esenciales, y extracto de c\u00edtricos como conservador natural.<\/p>\n","protected":false},"excerpt":{"rendered":"<p>Libre de aluminios y qu\u00edmicos t\u00f3xicos cancer\u00edgenos; elimina las bacterias que ocasionan el mal olor de una manera natural.<\/p>\n","protected":false},"featured_media":4574,"comment_status":"open","ping_status":"closed","template":"","meta":[],"product_brand":[],"product_cat":[222,330],"product_tag":[270,239],"class_list":{"0":"post-1737","1":"product","2":"type-product","3":"status-publish","4":"has-post-thumbnail","6":"product_cat-cuerpo","7":"product_cat-cuidado-personal","8":"product_tag-bicarbonato","9":"product_tag-menta","10":"product_shipping_class-mensajeria","12":"first","13":"instock","14":"shipping-taxable","15":"purchasable","16":"product-type-simple"},"_links":{"self":[{"href":"https:\/\/makua.com.mx\/eshop\/wp-json\/wp\/v2\/product\/1737","targetHints":{"allow":["GET"]}}],"collection":[{"href":"https:\/\/makua.com.mx\/eshop\/wp-json\/wp\/v2\/product"}],"about":[{"href":"https:\/\/makua.com.mx\/eshop\/wp-json\/wp\/v2\/types\/product"}],"replies":[{"embeddable":true,"href":"https:\/\/makua.com.mx\/eshop\/wp-json\/wp\/v2\/comments?post=1737"}],"wp:featuredmedia":[{"embeddable":true,"href":"https:\/\/makua.com.mx\/eshop\/wp-json\/wp\/v2\/media\/4574"}],"wp:attachment":[{"href":"https:\/\/makua.com.mx\/eshop\/wp-json\/wp\/v2\/media?parent=1737"}],"wp:term":[{"taxonomy":"product_brand","embeddable":true,"href":"https:\/\/makua.com.mx\/eshop\/wp-json\/wp\/v2\/product_brand?post=1737"},{"taxonomy":"product_cat","embeddable":true,"href":"https:\/\/makua.com.mx\/eshop\/wp-json\/wp\/v2\/product_cat?post=1737"},{"taxonomy":"product_tag","embeddable":true,"href":"https:\/\/makua.com.mx\/eshop\/wp-json\/wp\/v2\/product_tag?post=1737"}],"curies":[{"name":"wp","href":"https:\/\/api.w.org\/{rel}","templated":true}]}}