{"id":1693,"date":"2016-06-09T01:05:27","date_gmt":"2016-06-09T01:05:27","guid":{"rendered":"http:\/\/makua.com.mx\/eshop\/?post_type=product&#038;p=1693"},"modified":"2025-01-13T22:30:47","modified_gmt":"2025-01-13T22:30:47","slug":"desmaquillante","status":"publish","type":"product","link":"https:\/\/makua.com.mx\/eshop\/producto\/desmaquillante\/","title":{"rendered":"Desmaquillante 30g"},"content":{"rendered":"<p><strong>Funciones<\/strong>: Limpia y purifica hidratando y nutriendo el contorno de ojos.<br \/>\n<strong>Modo de emple<\/strong>o: Aplicar en la yema de los dedos y masajear el contorno de ojos haciendo un ligero movimiento circular, con un algod\u00f3n eliminar los residuos del maquillaje.<br \/>\n<strong>Ingrediente Activo<\/strong>: Aloe vera, lemon grass y cal\u00e9ndula.<br \/>\n<strong>Recomendaciones<\/strong>: Todo tipo de piel.<br \/>\n<strong>Aroma<\/strong>: C\u00edtrico.<br \/>\n<strong>Consistencia<\/strong>: Semis\u00f3lida.<br \/>\n<strong>INGREDIENTES<\/strong>: Aloe Vera, Lemon grass, Cera de abeja, Aceite de coco,\u00a0 Extracto de Cal\u00e9ndula, Extracto de \u00e1rnica y Extracto de semilla de Toronja como conservador natural.<\/p>\n","protected":false},"excerpt":{"rendered":"<p>La aloe vera o s\u00e1bila, es una planta que nutre y mejora la apariencia de la piel, es astringente, hidratante, regenerante, renovadora, rejuvenecedora, antibacteriana.<br \/>\nEl desmaquillante tambi\u00e9n contiene cal\u00e9ndula y \u00e1rnica que poseen propiedades anti inflamatorias y antis\u00e9pticas, purificando, nutriendo y fortaleciendo el \u00e1rea delicada contorno del contorno de ojos.<\/p>\n","protected":false},"featured_media":5219,"comment_status":"open","ping_status":"closed","template":"","meta":[],"product_brand":[],"product_cat":[228],"product_tag":[],"class_list":{"0":"post-1693","1":"product","2":"type-product","3":"status-publish","4":"has-post-thumbnail","6":"product_cat-cara","7":"product_shipping_class-mensajeria","9":"first","10":"instock","11":"shipping-taxable","12":"purchasable","13":"product-type-simple"},"_links":{"self":[{"href":"https:\/\/makua.com.mx\/eshop\/wp-json\/wp\/v2\/product\/1693","targetHints":{"allow":["GET"]}}],"collection":[{"href":"https:\/\/makua.com.mx\/eshop\/wp-json\/wp\/v2\/product"}],"about":[{"href":"https:\/\/makua.com.mx\/eshop\/wp-json\/wp\/v2\/types\/product"}],"replies":[{"embeddable":true,"href":"https:\/\/makua.com.mx\/eshop\/wp-json\/wp\/v2\/comments?post=1693"}],"wp:featuredmedia":[{"embeddable":true,"href":"https:\/\/makua.com.mx\/eshop\/wp-json\/wp\/v2\/media\/5219"}],"wp:attachment":[{"href":"https:\/\/makua.com.mx\/eshop\/wp-json\/wp\/v2\/media?parent=1693"}],"wp:term":[{"taxonomy":"product_brand","embeddable":true,"href":"https:\/\/makua.com.mx\/eshop\/wp-json\/wp\/v2\/product_brand?post=1693"},{"taxonomy":"product_cat","embeddable":true,"href":"https:\/\/makua.com.mx\/eshop\/wp-json\/wp\/v2\/product_cat?post=1693"},{"taxonomy":"product_tag","embeddable":true,"href":"https:\/\/makua.com.mx\/eshop\/wp-json\/wp\/v2\/product_tag?post=1693"}],"curies":[{"name":"wp","href":"https:\/\/api.w.org\/{rel}","templated":true}]}}