{"id":103,"date":"2013-06-07T10:41:52","date_gmt":"2013-06-07T10:41:52","guid":{"rendered":"http:\/\/demo2.woothemes.com\/woocommerce\/?post_type=product&#038;p=19"},"modified":"2025-10-10T21:45:17","modified_gmt":"2025-10-11T03:45:17","slug":"crema-mango","status":"publish","type":"product","link":"https:\/\/makua.com.mx\/eshop\/producto\/crema-mango\/","title":{"rendered":"Crema Hidratante Mango, Naranja y Papaya 250g"},"content":{"rendered":"<p><strong>Funciones<\/strong>: Hidrata la piel.<br \/>\n<strong>Modo de empleo<\/strong>: Directo en la piel con suaves masajes hasta su completa absorci\u00f3n.<br \/>\n<strong>Extractos<\/strong>: Mango, naranja y papaya<br \/>\n<strong>Recomendaciones<\/strong>: Pieles opacas.<br \/>\n<strong>Aroma<\/strong>: Frutal.<br \/>\n<strong>\u2028Consistencia:<\/strong> Semi-l\u00edquida.<br \/>\n<strong>INGREDIENTES<\/strong>: Cetil palmitato, monoesterato de glicerilo, \u00e9ter dicaprilico, Oleato de decilo, Karit\u00e9,  Col\u00e1geno Marino, Alcohol Ceteoestarilico, extracto y esencia de papaya, aceite esencial de Naranja, manteca de mango, extracto de toronja como conservador natural.<\/p>\n","protected":false},"excerpt":{"rendered":"<p>Es multivitaminica y antioxidante, hidrata y perfuma. Su aromaterapia promueve la alegr\u00eda y el bienestar.<\/p>\n","protected":false},"featured_media":1601,"comment_status":"open","ping_status":"closed","template":"","meta":[],"product_brand":[],"product_cat":[221,222],"product_tag":[],"class_list":{"0":"post-103","1":"product","2":"type-product","3":"status-publish","4":"has-post-thumbnail","6":"product_cat-crema-corporal","7":"product_cat-cuerpo","8":"product_shipping_class-mensajeria","10":"first","11":"instock","12":"shipping-taxable","13":"purchasable","14":"product-type-simple"},"_links":{"self":[{"href":"https:\/\/makua.com.mx\/eshop\/wp-json\/wp\/v2\/product\/103","targetHints":{"allow":["GET"]}}],"collection":[{"href":"https:\/\/makua.com.mx\/eshop\/wp-json\/wp\/v2\/product"}],"about":[{"href":"https:\/\/makua.com.mx\/eshop\/wp-json\/wp\/v2\/types\/product"}],"replies":[{"embeddable":true,"href":"https:\/\/makua.com.mx\/eshop\/wp-json\/wp\/v2\/comments?post=103"}],"wp:featuredmedia":[{"embeddable":true,"href":"https:\/\/makua.com.mx\/eshop\/wp-json\/wp\/v2\/media\/1601"}],"wp:attachment":[{"href":"https:\/\/makua.com.mx\/eshop\/wp-json\/wp\/v2\/media?parent=103"}],"wp:term":[{"taxonomy":"product_brand","embeddable":true,"href":"https:\/\/makua.com.mx\/eshop\/wp-json\/wp\/v2\/product_brand?post=103"},{"taxonomy":"product_cat","embeddable":true,"href":"https:\/\/makua.com.mx\/eshop\/wp-json\/wp\/v2\/product_cat?post=103"},{"taxonomy":"product_tag","embeddable":true,"href":"https:\/\/makua.com.mx\/eshop\/wp-json\/wp\/v2\/product_tag?post=103"}],"curies":[{"name":"wp","href":"https:\/\/api.w.org\/{rel}","templated":true}]}}