{"id":400,"date":"2014-04-25T09:56:09","date_gmt":"2014-04-25T09:56:09","guid":{"rendered":"http:\/\/venusdemo.com\/fitshop\/?page_id=400"},"modified":"2026-04-03T22:09:04","modified_gmt":"2026-04-04T04:09:04","slug":"nuestra-historia","status":"publish","type":"page","link":"https:\/\/makua.com.mx\/eshop\/nuestra-historia\/","title":{"rendered":"Nuestra Historia"},"content":{"rendered":"\t\t<div data-elementor-type=\"wp-page\" data-elementor-id=\"400\" class=\"elementor elementor-400\">\n\t\t\t\t<div class=\"elementor-element elementor-element-f6b24ee e-con-full e-flex e-con e-parent\" data-id=\"f6b24ee\" data-element_type=\"container\" data-e-type=\"container\" data-settings=\"{&quot;background_background&quot;:&quot;classic&quot;}\">\n\t\t<div class=\"elementor-element elementor-element-7cce77d e-con-full e-flex e-con e-child\" data-id=\"7cce77d\" data-element_type=\"container\" data-e-type=\"container\">\n\t\t\t\t<\/div>\n\t\t<div class=\"elementor-element elementor-element-979d793 e-con-full e-flex e-con e-child\" data-id=\"979d793\" data-element_type=\"container\" data-e-type=\"container\">\n\t\t\t\t<div class=\"elementor-element elementor-element-50432bca elementor-widget elementor-widget-text-editor\" data-id=\"50432bca\" data-element_type=\"widget\" data-e-type=\"widget\" data-widget_type=\"text-editor.default\">\n\t\t\t\t<div class=\"elementor-widget-container\">\n\t\t\t\t\t\t\t\t\t<p style=\"text-align: right;\"><b>+52 47 7392 3172<\/b><\/p><p style=\"text-align: right;\">HORARIO<br \/>De Lunes a Viernes<br \/>2:00 p.m. to 8:00 p.m.<\/p><p style=\"text-align: right;\"><a href=\"mailto:ventas@makua.com.mx\">ventas@makua.com.mx<\/a><\/p>\t\t\t\t\t\t\t\t<\/div>\n\t\t\t\t<\/div>\n\t\t\t\t<\/div>\n\t\t<div class=\"elementor-element elementor-element-4e0d6ae e-con-full e-flex e-con e-child\" data-id=\"4e0d6ae\" data-element_type=\"container\" data-e-type=\"container\">\n\t\t\t\t<div class=\"elementor-element elementor-element-6582524 elementor-widget elementor-widget-text-editor\" data-id=\"6582524\" data-element_type=\"widget\" data-e-type=\"widget\" data-widget_type=\"text-editor.default\">\n\t\t\t\t<div class=\"elementor-widget-container\">\n\t\t\t\t\t\t\t\t\t<h2>NUESTRA HISTORIA<\/h2>\t\t\t\t\t\t\t\t<\/div>\n\t\t\t\t<\/div>\n\t\t\t\t<div class=\"elementor-element elementor-element-afae3b6 elementor-widget elementor-widget-text-editor\" data-id=\"afae3b6\" data-element_type=\"widget\" data-e-type=\"widget\" data-widget_type=\"text-editor.default\">\n\t\t\t\t<div class=\"elementor-widget-container\">\n\t\t\t\t\t\t\t\t\t<h3>Nos inspiran los ba\u00f1os relajantes, llenos de aromas y esencias medicinales<\/h3><p>Sabemos que el tiempo es nuestro m\u00e1s grande aliado, vivimos experiencias grandiosas a lo largo de nuestras vidas.<\/p><p>Agradecemos todas las marcas y cicatrices, recordatorios de grandes aprendizajes obtenidos.<\/p><p>Dedicamos tiempo a los apapachos con productos cosm\u00e9ticos reconfortantes, reconociendo lo hermoso\/a que somos, la belleza interior es la que nace de amarnos primero para poder compartir como seres completos.<\/p>\t\t\t\t\t\t\t\t<\/div>\n\t\t\t\t<\/div>\n\t\t\t\t<div class=\"elementor-element elementor-element-7ff56c2 elementor-widget elementor-widget-text-editor\" data-id=\"7ff56c2\" data-element_type=\"widget\" data-e-type=\"widget\" data-widget_type=\"text-editor.default\">\n\t\t\t\t<div class=\"elementor-widget-container\">\n\t\t\t\t\t\t\t\t\t<h3>Nuestro objetivo<\/h3><p>Poner un \u00e9nfasis en la investigaci\u00f3n y desarrollo de nuevos productos y tecnolog\u00edas que sean amigables con el ambiente, as\u00ed como saludables para tu cuerpo.<\/p>\t\t\t\t\t\t\t\t<\/div>\n\t\t\t\t<\/div>\n\t\t\t\t<div class=\"elementor-element elementor-element-289e684 elementor-widget elementor-widget-text-editor\" data-id=\"289e684\" data-element_type=\"widget\" data-e-type=\"widget\" data-widget_type=\"text-editor.default\">\n\t\t\t\t<div class=\"elementor-widget-container\">\n\t\t\t\t\t\t\t\t\t<p>Elaborar conscientemente los productos sin generar residuos contaminantes y de manera artesanal. Apoyando y empoderando madres solteras y mujeres de bajos recursos, capacitando y proporcionando horarios flexibles para que puedan atender a sus familias y llevar el sustento a su hogar.<\/p>\t\t\t\t\t\t\t\t<\/div>\n\t\t\t\t<\/div>\n\t\t\t\t<div class=\"elementor-element elementor-element-d49a7f0 elementor-widget elementor-widget-text-editor\" data-id=\"d49a7f0\" data-element_type=\"widget\" data-e-type=\"widget\" data-widget_type=\"text-editor.default\">\n\t\t\t\t<div class=\"elementor-widget-container\">\n\t\t\t\t\t\t\t\t\t<p>Generar una experiencia m\u00e1gica de sanaci\u00f3n y bienestar, utilizando la sabidur\u00eda de la naturaleza fomentando el bienestar, del cuerpo, mente y alma.<\/p>\t\t\t\t\t\t\t\t<\/div>\n\t\t\t\t<\/div>\n\t\t\t\t<\/div>\n\t\t<div class=\"elementor-element elementor-element-da8000b e-con-full e-flex e-con e-child\" data-id=\"da8000b\" data-element_type=\"container\" data-e-type=\"container\">\n\t\t\t\t<div class=\"elementor-element elementor-element-bda1cc2 elementor-widget elementor-widget-image\" data-id=\"bda1cc2\" data-element_type=\"widget\" data-e-type=\"widget\" data-widget_type=\"image.default\">\n\t\t\t\t<div class=\"elementor-widget-container\">\n\t\t\t\t\t\t\t\t\t\t\t\t\t\t\t<img fetchpriority=\"high\" decoding=\"async\" width=\"900\" height=\"806\" src=\"https:\/\/makua.com.mx\/eshop\/wp-content\/uploads\/2021\/12\/velasMakua.jpg\" class=\"attachment-large size-large wp-image-5047\" alt=\"velas arom\u00e1ticas\" srcset=\"https:\/\/makua.com.mx\/eshop\/wp-content\/uploads\/2021\/12\/velasMakua.jpg 900w, https:\/\/makua.com.mx\/eshop\/wp-content\/uploads\/2021\/12\/velasMakua-510x457.jpg 510w, https:\/\/makua.com.mx\/eshop\/wp-content\/uploads\/2021\/12\/velasMakua-300x269.jpg 300w, https:\/\/makua.com.mx\/eshop\/wp-content\/uploads\/2021\/12\/velasMakua-768x688.jpg 768w, https:\/\/makua.com.mx\/eshop\/wp-content\/uploads\/2021\/12\/velasMakua-600x537.jpg 600w\" sizes=\"(max-width: 900px) 100vw, 900px\" \/>\t\t\t\t\t\t\t\t\t\t\t\t\t\t\t<\/div>\n\t\t\t\t<\/div>\n\t\t\t\t<div class=\"elementor-element elementor-element-45a425e elementor-widget elementor-widget-image\" data-id=\"45a425e\" data-element_type=\"widget\" data-e-type=\"widget\" data-widget_type=\"image.default\">\n\t\t\t\t<div class=\"elementor-widget-container\">\n\t\t\t\t\t\t\t\t\t\t\t\t\t\t\t<img decoding=\"async\" width=\"1020\" height=\"1020\" src=\"https:\/\/makua.com.mx\/eshop\/wp-content\/uploads\/2022\/07\/shampooAcondicionador_solido-1024x1024.jpg\" class=\"attachment-large size-large wp-image-5189\" alt=\"shampoo y acondicionador s\u00f3lido anticaspa\" srcset=\"https:\/\/makua.com.mx\/eshop\/wp-content\/uploads\/2022\/07\/shampooAcondicionador_solido-1024x1024.jpg 1024w, https:\/\/makua.com.mx\/eshop\/wp-content\/uploads\/2022\/07\/shampooAcondicionador_solido-247x247.jpg 247w, https:\/\/makua.com.mx\/eshop\/wp-content\/uploads\/2022\/07\/shampooAcondicionador_solido-100x100.jpg 100w, https:\/\/makua.com.mx\/eshop\/wp-content\/uploads\/2022\/07\/shampooAcondicionador_solido-510x510.jpg 510w, https:\/\/makua.com.mx\/eshop\/wp-content\/uploads\/2022\/07\/shampooAcondicionador_solido-300x300.jpg 300w, https:\/\/makua.com.mx\/eshop\/wp-content\/uploads\/2022\/07\/shampooAcondicionador_solido-150x150.jpg 150w, https:\/\/makua.com.mx\/eshop\/wp-content\/uploads\/2022\/07\/shampooAcondicionador_solido-768x768.jpg 768w, https:\/\/makua.com.mx\/eshop\/wp-content\/uploads\/2022\/07\/shampooAcondicionador_solido-550x550.jpg 550w, https:\/\/makua.com.mx\/eshop\/wp-content\/uploads\/2022\/07\/shampooAcondicionador_solido-600x600.jpg 600w, https:\/\/makua.com.mx\/eshop\/wp-content\/uploads\/2022\/07\/shampooAcondicionador_solido.jpg 1080w\" sizes=\"(max-width: 1020px) 100vw, 1020px\" \/>\t\t\t\t\t\t\t\t\t\t\t\t\t\t\t<\/div>\n\t\t\t\t<\/div>\n\t\t\t\t<\/div>\n\t\t\t\t<\/div>\n\t\t\t\t<\/div>\n\t\t","protected":false},"excerpt":{"rendered":"<p>+52 47 7392 3172 HORARIODe Lunes a Viernes2:00 p.m. to 8:00 p.m. ventas@makua.com.mx NUESTRA HISTORIA Nos inspiran los ba\u00f1os relajantes, llenos de aromas y esencias medicinales Sabemos que el tiempo es nuestro m\u00e1s grande aliado, vivimos experiencias grandiosas a lo largo de nuestras vidas. Agradecemos todas las marcas y cicatrices, recordatorios de grandes aprendizajes obtenidos. [&#8230;]\n","protected":false},"author":1,"featured_media":0,"parent":0,"menu_order":0,"comment_status":"closed","ping_status":"closed","template":"","meta":{"footnotes":""},"class_list":["post-400","page","type-page","status-publish","hentry"],"_links":{"self":[{"href":"https:\/\/makua.com.mx\/eshop\/wp-json\/wp\/v2\/pages\/400","targetHints":{"allow":["GET"]}}],"collection":[{"href":"https:\/\/makua.com.mx\/eshop\/wp-json\/wp\/v2\/pages"}],"about":[{"href":"https:\/\/makua.com.mx\/eshop\/wp-json\/wp\/v2\/types\/page"}],"author":[{"embeddable":true,"href":"https:\/\/makua.com.mx\/eshop\/wp-json\/wp\/v2\/users\/1"}],"replies":[{"embeddable":true,"href":"https:\/\/makua.com.mx\/eshop\/wp-json\/wp\/v2\/comments?post=400"}],"version-history":[{"count":87,"href":"https:\/\/makua.com.mx\/eshop\/wp-json\/wp\/v2\/pages\/400\/revisions"}],"predecessor-version":[{"id":7925,"href":"https:\/\/makua.com.mx\/eshop\/wp-json\/wp\/v2\/pages\/400\/revisions\/7925"}],"wp:attachment":[{"href":"https:\/\/makua.com.mx\/eshop\/wp-json\/wp\/v2\/media?parent=400"}],"curies":[{"name":"wp","href":"https:\/\/api.w.org\/{rel}","templated":true}]}}