{"id":3369,"date":"2020-06-09T00:58:37","date_gmt":"2020-06-09T00:58:37","guid":{"rendered":"https:\/\/makua.com.mx\/eshop\/?page_id=3369"},"modified":"2025-04-24T21:34:25","modified_gmt":"2025-04-25T03:34:25","slug":"blog","status":"publish","type":"page","link":"https:\/\/makua.com.mx\/eshop\/blog\/","title":{"rendered":"Blog"},"content":{"rendered":"<div class=\"pt-cv-wrapper\"><div class=\"pt-cv-view pt-cv-grid pt-cv-colsys\" id=\"pt-cv-view-a4ea8eez7f\"><div data-id=\"pt-cv-page-1\" class=\"pt-cv-page\" data-cvc=\"3\"><div class=\"col-md-4 col-sm-6 col-xs-12 pt-cv-content-item pt-cv-1-col\" ><div class='pt-cv-ifield'><a href=\"https:\/\/makua.com.mx\/eshop\/hombres-piel-seca\/\" class=\"_self pt-cv-href-thumbnail pt-cv-thumb-default\" target=\"_self\" ><img fetchpriority=\"high\" decoding=\"async\" width=\"300\" height=\"200\" src=\"https:\/\/makua.com.mx\/eshop\/wp-content\/uploads\/2020\/06\/piel-seca-hombre-300x200.jpg\" class=\"pt-cv-thumbnail\" alt=\"\" srcset=\"https:\/\/makua.com.mx\/eshop\/wp-content\/uploads\/2020\/06\/piel-seca-hombre-300x200.jpg 300w, https:\/\/makua.com.mx\/eshop\/wp-content\/uploads\/2020\/06\/piel-seca-hombre-510x340.jpg 510w, https:\/\/makua.com.mx\/eshop\/wp-content\/uploads\/2020\/06\/piel-seca-hombre.jpg 600w\" sizes=\"(max-width: 300px) 100vw, 300px\" \/><\/a>\n<h4 class=\"pt-cv-title\"><a href=\"https:\/\/makua.com.mx\/eshop\/hombres-piel-seca\/\" class=\"_self\" target=\"_self\" >Para hombres con piel seca<\/a><\/h4>\n<div class=\"pt-cv-content\">Nuestros productos est\u00e1n hechos con ingredientes org\u00e1nicos y certificados. Nuestra L\u00ednea cosm\u00e9tica especializa en el cuidado de la piel, nutrici\u00f3n ...<br \/><div class=\"pt-cv-rmwrap\"><a href=\"https:\/\/makua.com.mx\/eshop\/hombres-piel-seca\/\" class=\"_self pt-cv-readmore btn btn-success\" target=\"_self\">Leer M\u00e1s<\/a><\/div><\/div><\/div><\/div>\n<div class=\"col-md-4 col-sm-6 col-xs-12 pt-cv-content-item pt-cv-1-col\" ><div class='pt-cv-ifield'><a href=\"https:\/\/makua.com.mx\/eshop\/hombres-piel-mixta-grasa\/\" class=\"_self pt-cv-href-thumbnail pt-cv-thumb-default\" target=\"_self\" ><img decoding=\"async\" width=\"300\" height=\"200\" src=\"https:\/\/makua.com.mx\/eshop\/wp-content\/uploads\/2020\/06\/piel-mixta-grasa-hombre-300x200.jpg\" class=\"pt-cv-thumbnail\" alt=\"\" srcset=\"https:\/\/makua.com.mx\/eshop\/wp-content\/uploads\/2020\/06\/piel-mixta-grasa-hombre-300x200.jpg 300w, https:\/\/makua.com.mx\/eshop\/wp-content\/uploads\/2020\/06\/piel-mixta-grasa-hombre-510x340.jpg 510w, https:\/\/makua.com.mx\/eshop\/wp-content\/uploads\/2020\/06\/piel-mixta-grasa-hombre.jpg 600w\" sizes=\"(max-width: 300px) 100vw, 300px\" \/><\/a>\n<h4 class=\"pt-cv-title\"><a href=\"https:\/\/makua.com.mx\/eshop\/hombres-piel-mixta-grasa\/\" class=\"_self\" target=\"_self\" >Para hombres con piel mixta a grasa<\/a><\/h4>\n<div class=\"pt-cv-content\">Nuestros productos est\u00e1n hechos con ingredientes org\u00e1nicos y certificados. Nuestra L\u00ednea cosm\u00e9tica especializa en el cuidado de la piel, nutrici\u00f3n ...<br \/><div class=\"pt-cv-rmwrap\"><a href=\"https:\/\/makua.com.mx\/eshop\/hombres-piel-mixta-grasa\/\" class=\"_self pt-cv-readmore btn btn-success\" target=\"_self\">Leer M\u00e1s<\/a><\/div><\/div><\/div><\/div>\n<div class=\"col-md-4 col-sm-6 col-xs-12 pt-cv-content-item pt-cv-1-col\" ><div class='pt-cv-ifield'><a href=\"https:\/\/makua.com.mx\/eshop\/hombres-piel-normal\/\" class=\"_self pt-cv-href-thumbnail pt-cv-thumb-default\" target=\"_self\" ><img decoding=\"async\" width=\"300\" height=\"200\" src=\"https:\/\/makua.com.mx\/eshop\/wp-content\/uploads\/2020\/04\/blogMakua4-300x200.jpg\" class=\"pt-cv-thumbnail\" alt=\"\" srcset=\"https:\/\/makua.com.mx\/eshop\/wp-content\/uploads\/2020\/04\/blogMakua4-300x200.jpg 300w, https:\/\/makua.com.mx\/eshop\/wp-content\/uploads\/2020\/04\/blogMakua4-510x340.jpg 510w, https:\/\/makua.com.mx\/eshop\/wp-content\/uploads\/2020\/04\/blogMakua4-24x16.jpg 24w, https:\/\/makua.com.mx\/eshop\/wp-content\/uploads\/2020\/04\/blogMakua4-36x24.jpg 36w, https:\/\/makua.com.mx\/eshop\/wp-content\/uploads\/2020\/04\/blogMakua4-48x32.jpg 48w, https:\/\/makua.com.mx\/eshop\/wp-content\/uploads\/2020\/04\/blogMakua4.jpg 600w\" sizes=\"(max-width: 300px) 100vw, 300px\" \/><\/a>\n<h4 class=\"pt-cv-title\"><a href=\"https:\/\/makua.com.mx\/eshop\/hombres-piel-normal\/\" class=\"_self\" target=\"_self\" >Para hombres con piel normal<\/a><\/h4>\n<div class=\"pt-cv-content\">Nuestros productos est\u00e1n hechos con ingredientes org\u00e1nicos y certificados. Nuestra L\u00ednea cosm\u00e9tica especializa en el cuidado de la piel, nutrici\u00f3n ...<br \/><div class=\"pt-cv-rmwrap\"><a href=\"https:\/\/makua.com.mx\/eshop\/hombres-piel-normal\/\" class=\"_self pt-cv-readmore btn btn-success\" target=\"_self\">Leer M\u00e1s<\/a><\/div><\/div><\/div><\/div>\n<div class=\"col-md-4 col-sm-6 col-xs-12 pt-cv-content-item pt-cv-1-col\" ><div class='pt-cv-ifield'><a href=\"https:\/\/makua.com.mx\/eshop\/por-que-es-importante-consumir-productos-artesanales-hechos-en-mexico\/\" class=\"_self pt-cv-href-thumbnail pt-cv-thumb-default\" target=\"_self\" ><img loading=\"lazy\" decoding=\"async\" width=\"300\" height=\"200\" src=\"https:\/\/makua.com.mx\/eshop\/wp-content\/uploads\/2016\/06\/revista2-300x200.jpg\" class=\"pt-cv-thumbnail\" alt=\"\" srcset=\"https:\/\/makua.com.mx\/eshop\/wp-content\/uploads\/2016\/06\/revista2-300x200.jpg 300w, https:\/\/makua.com.mx\/eshop\/wp-content\/uploads\/2016\/06\/revista2-510x340.jpg 510w, https:\/\/makua.com.mx\/eshop\/wp-content\/uploads\/2016\/06\/revista2-450x300.jpg 450w, https:\/\/makua.com.mx\/eshop\/wp-content\/uploads\/2016\/06\/revista2.jpg 600w\" sizes=\"(max-width: 300px) 100vw, 300px\" \/><\/a>\n<h4 class=\"pt-cv-title\"><a href=\"https:\/\/makua.com.mx\/eshop\/por-que-es-importante-consumir-productos-artesanales-hechos-en-mexico\/\" class=\"_self\" target=\"_self\" >\u00bfPor qu\u00e9 es importante consumir productos artesanales hechos en Mexico?<\/a><\/h4>\n<div class=\"pt-cv-content\">Es importante consumir productos artesanales mexicanos, ya que apoyamos nuestra propia econom\u00eda, beneficiando directamente a los artesanos y todos los ...<br \/><div class=\"pt-cv-rmwrap\"><a href=\"https:\/\/makua.com.mx\/eshop\/por-que-es-importante-consumir-productos-artesanales-hechos-en-mexico\/\" class=\"_self pt-cv-readmore btn btn-success\" target=\"_self\">Leer M\u00e1s<\/a><\/div><\/div><\/div><\/div>\n<div class=\"col-md-4 col-sm-6 col-xs-12 pt-cv-content-item pt-cv-1-col\" ><div class='pt-cv-ifield'><a href=\"https:\/\/makua.com.mx\/eshop\/consumo-responsable\/\" class=\"_self pt-cv-href-thumbnail pt-cv-thumb-default\" target=\"_self\" ><img loading=\"lazy\" decoding=\"async\" width=\"300\" height=\"200\" src=\"https:\/\/makua.com.mx\/eshop\/wp-content\/uploads\/2016\/06\/revista1-300x200.jpg\" class=\"pt-cv-thumbnail\" alt=\"\" srcset=\"https:\/\/makua.com.mx\/eshop\/wp-content\/uploads\/2016\/06\/revista1-300x200.jpg 300w, https:\/\/makua.com.mx\/eshop\/wp-content\/uploads\/2016\/06\/revista1-510x340.jpg 510w, https:\/\/makua.com.mx\/eshop\/wp-content\/uploads\/2016\/06\/revista1-450x300.jpg 450w, https:\/\/makua.com.mx\/eshop\/wp-content\/uploads\/2016\/06\/revista1.jpg 600w\" sizes=\"(max-width: 300px) 100vw, 300px\" \/><\/a>\n<h4 class=\"pt-cv-title\"><a href=\"https:\/\/makua.com.mx\/eshop\/consumo-responsable\/\" class=\"_self\" target=\"_self\" >Conciencia de consumo<\/a><\/h4>\n<div class=\"pt-cv-content\">Tus decisiones importan e impactan\u2026. Contaminaci\u00f3n en los mantos acu\u00edferos Vivimos en una sociedad que fomenta un comportamiento de consumo ...<br \/><div class=\"pt-cv-rmwrap\"><a href=\"https:\/\/makua.com.mx\/eshop\/consumo-responsable\/\" class=\"_self pt-cv-readmore btn btn-success\" target=\"_self\">Leer M\u00e1s<\/a><\/div><\/div><\/div><\/div><\/div><\/div><\/div>\n","protected":false},"excerpt":{"rendered":"","protected":false},"author":1,"featured_media":0,"parent":0,"menu_order":0,"comment_status":"closed","ping_status":"closed","template":"","meta":{"footnotes":""},"class_list":["post-3369","page","type-page","status-publish","hentry"],"_links":{"self":[{"href":"https:\/\/makua.com.mx\/eshop\/wp-json\/wp\/v2\/pages\/3369","targetHints":{"allow":["GET"]}}],"collection":[{"href":"https:\/\/makua.com.mx\/eshop\/wp-json\/wp\/v2\/pages"}],"about":[{"href":"https:\/\/makua.com.mx\/eshop\/wp-json\/wp\/v2\/types\/page"}],"author":[{"embeddable":true,"href":"https:\/\/makua.com.mx\/eshop\/wp-json\/wp\/v2\/users\/1"}],"replies":[{"embeddable":true,"href":"https:\/\/makua.com.mx\/eshop\/wp-json\/wp\/v2\/comments?post=3369"}],"version-history":[{"count":16,"href":"https:\/\/makua.com.mx\/eshop\/wp-json\/wp\/v2\/pages\/3369\/revisions"}],"predecessor-version":[{"id":7000,"href":"https:\/\/makua.com.mx\/eshop\/wp-json\/wp\/v2\/pages\/3369\/revisions\/7000"}],"wp:attachment":[{"href":"https:\/\/makua.com.mx\/eshop\/wp-json\/wp\/v2\/media?parent=3369"}],"curies":[{"name":"wp","href":"https:\/\/api.w.org\/{rel}","templated":true}]}}