{"id":3223,"date":"2020-05-25T19:54:53","date_gmt":"2020-05-25T19:54:53","guid":{"rendered":"https:\/\/makua.com.mx\/eshop\/?page_id=3223"},"modified":"2020-06-19T23:06:05","modified_gmt":"2020-06-19T23:06:05","slug":"aviso-de-privacidad","status":"publish","type":"page","link":"https:\/\/makua.com.mx\/eshop\/aviso-de-privacidad\/","title":{"rendered":"Aviso de Privacidad"},"content":{"rendered":"[vc_row][vc_column width=&#8221;1\/6&#8243;][\/vc_column][vc_column width=&#8221;2\/3&#8243;][vc_column_text]<i>En cumplimiento con lo dispuesto por el art\u00edculo 16 y dem\u00e1s relativos de la Ley Federal de Protecci\u00f3n de Datos Personales en Posesi\u00f3n de los Particulares (en lo sucesivo LFPDPPP) y su Reglamento (en lo sucesivo RLFPDPP), por este medio se da a conocer a Usted (en lo sucesivo \u201cUSUARIO\u201d) el siguiente:<\/i><\/p>\n<h1>A V I S O D E P R I V A C I D A D<\/h1>\n<p>I. IDENTIDAD Y DOMICILIO DEL RESPONDABLE QUE LOS RECABA<br \/>\n<b>DEL CAMPO A TU PIEL, S.A. DE C.V.<\/b> (en lo sucesivo \u201cEL RECEPTOR\u201d), con domicilio en San Martin de Porres #1047 Col. San Martin de Porres, Irapuato,\u00a0Guanajuato, C.P. 36555, M\u00e9xico. Responsable de recabar sus datos personales, del uso y protecci\u00f3n, informaci\u00f3n que ser\u00e1 utilizada para proveerle productos o servicios, identificarlo en cualquier tipo de relaci\u00f3n jur\u00eddica o de negocios con nosotros, adem\u00e1s de informarle sobre cambios en los mismos y evaluar la calidad del servicio que le brindamos. Lo anterior aplica, si usted es persona f\u00edsica.<br \/>\nII. FINALIDAD DEL TRATAMIENTO DE DATOS;<br \/>\nPara efectos del presente AVISO DE PRIVACIDAD, se define como DATOS PERSONALES cualquier informaci\u00f3n concerniente a una persona f\u00edsica identificada o identificable. TRATAMIENTO se entiende como la obtenci\u00f3n, uso, divulgaci\u00f3n o almacenamiento de DATOS PERSONALES, por cualquier medio. El uso abarca cualquier acci\u00f3n de acceso, manejo, aprovechamiento, transferencia o disposici\u00f3n de DATOS PERSONALES.<br \/>\nLos DATOS PERSONALES que son recabados y tratados son los siguientes:<br \/>\na) Nombre completo;<br \/>\nb) Domicilio<br \/>\nc) Tel\u00e9fono y\/o n\u00famero de contacto o celular;<br \/>\nd) Edad y\/o fecha de nacimiento y\/o rango de edad;<br \/>\ne) Correo electr\u00f3nico;<br \/>\nf) Genero (sexo);<\/p>\n<p>En el supuesto de que realice alguna compra de productos que se ofertan en la p\u00e1gina web https:\/\/makua.com.mx\/eshop\/ o Aplicaciones (APPS), (en lo sucesivo \u201cTienda MAKUA\u201d) relacionadas y\/o solicite FACTURACI\u00d3N, os DATOS PERSONALES recabados y tratados (en lo sucesivo DATOS PERSONALES PATRIMONIALES) ser\u00e1n los siguientes:<br \/>\na) Clave del Registro Federal de Contribuyentes;<br \/>\nb) Domicilio fiscal;<br \/>\nc) Domicilio para entrega de producto o pedido<\/p>\n<p>Tienda Makua (https:\/\/makua.com.mx\/eshop\/) Utiliza procesadores de pagos de terceros (\u201cProcesador de Pago\u201d) para vincular su tarjeta de cr\u00e9dito o el medio de pago electr\u00f3nico. El procesamiento de pagos, con respecto a los PRODUCTOS que se ofrecen a trav\u00e9s de la tienda en l\u00ednea, estar\u00e1 sujeto a las condiciones y pol\u00edticas de privacidad del Procesador del Pago.<\/p>\n<p>Procesador de Pago PayPal: le permite pagar online con absoluta seguridad. Puedes usar los fondos disponibles en tu cuenta PayPal para hacer el pago o puede pagar directamente con tarjeta de cr\u00e9dito aunque no tenga una cuenta PayPal.<br \/>\nCon PayPal solamente deber\u00e1 rellenar los datos de tu tarjeta una vez, porque la informaci\u00f3n se guarda en perfectas condiciones de seguridad en el servidor PayPal.<\/p>\n<p>Los DATOS PERSONALES PATRIMONIALES que podr\u00e1 solicitar EL PROCESADOR DE PAGO ser\u00e1n los siguientes: a) Informaci\u00f3n bancaria: nombre del titular de la tarjeta de d\u00e9bito y\/o cr\u00e9dito; n\u00famero de la tarjeta de d\u00e9bito y\/o cr\u00e9dito; fecha de vencimiento de la tarjeta de d\u00e9bito y\/o cr\u00e9dito y nombre del banco.<\/p>\n<p>Manifestamos que no se le pedir\u00e1n datos personales catalogados como SENSIBLES, seg\u00fan la Ley antes referida, a saber, aquellos que puedan revelar aspectos como origen racial o \u00e9tnico, estado de salud presente y futura, informaci\u00f3n gen\u00e9tica, creencias religiosas, filos\u00f3ficas y morales, afiliaci\u00f3n sindical, opiniones pol\u00edticas, preferencia sexual.<\/p>\n<p>CONSENTIMIENTO EXPRESO. A trav\u00e9s de la utilizaci\u00f3n de los medios electr\u00f3nicos, el USUARIO otorga su consentimiento expreso, a t\u00edtulo enunciativo m\u00e1s no limitativo, mediante el suministro por parte del USUARIO de los DATOS PERSONALES. Se entender\u00e1 que el USUARIO consiente t\u00e1citamente el tratamiento de sus DATOS PERSONALES, cuando no manifieste su oposici\u00f3n mediante el procedimiento que m\u00e1s adelante se detalla. De tal forma, ante la ausencia de negativa u oposici\u00f3n por parte del USUARIO, tomaremos en cuenta su consentimiento, por lo tanto, el USUARIO que no autorice o se oponga al tratamiento de sus DATOS PERSONALES no deber\u00e1 hacer uso de los medios electr\u00f3nicos.<\/p>\n<p>El USUARIO reconoce que no se requerir\u00e1 de su consentimiento para el tratamiento de sus DATOS PERSONALES, por parte de EL RECEPTOR o de terceros, en cualquiera de los casos se\u00f1alados en el art\u00edculo 10 de la LFPDPPP.<br \/>\nLos DATOS PERSONALES, se utilizar\u00e1n para los siguientes FINES:<br \/>\na) Comunicaci\u00f3n con el USUARIO<br \/>\nb) Identificaci\u00f3n del USUARIO<br \/>\nc) Estad\u00edstica d) Promociones<br \/>\ne) Comercializaci\u00f3n de productos<br \/>\nf) Procesamiento de m\u00e9todo de pago, cobranza y facturaci\u00f3n<br \/>\ng) Atenci\u00f3n al USUARIO mediante Centro Telef\u00f3nico<br \/>\nh) Envi\u00f3 de encuestas de calidad<br \/>\ni) Envi\u00f3 de publicidad<br \/>\nj) Investigaci\u00f3n de mercados<br \/>\nk) Entrega de producto (paqueter\u00eda)<br \/>\nl) Informaci\u00f3n sobre cambios o nuevos productos<br \/>\nm) Mercadot\u00e9cnicos, publicitarios y\/o de prospecci\u00f3n comercial<br \/>\nn) Informaci\u00f3n sobre nuestras sociedades matrices, filiales y empresas asociadas, as\u00ed como las actividades respectivas de cada una de ellas.<br \/>\no) Marketing<br \/>\nFORMA DE RECABAR Y\/O SUMINISTRAR DATOS PERSONALES Los DATOS PERSONALES pueden ser recabados por EL RECEPTOR y\/o suministrados por el USUARIO de la siguiente manera:<br \/>\na) al ponerse en contacto con nosotros<br \/>\nb) al realizar una compra en la Tienda Makua<br \/>\nc) cuando adquiere nuestros productos o servicios<br \/>\nd) cuando llama a nuestro centro de atenci\u00f3n telef\u00f3nica<br \/>\ne) cuando participa en nuestras promociones y concursos<br \/>\nf) mediante cuestionarios o encuestas<br \/>\ng) cuando publica informaci\u00f3n en nuestro sitio web,<br \/>\nh) a trav\u00e9s de aplicaciones y p\u00e1ginas de la marca Makua<br \/>\ni) de forma personal o a trav\u00e9s de otros medios \u00f3pticos, sonoros, visuales, gr\u00e1ficos, o por cualquier otra tecnolog\u00eda legalmente permitida.<br \/>\nj) a trav\u00e9s de fuentes de acceso p\u00fablico y de otras fuentes disponibles permitidas por la ley, tales como los directorios telef\u00f3nicos o bases de datos p\u00fablicas<\/p>\n<p>VERACIDAD DE DATOS PERSONALES<br \/>\nEn todo momento, los DATOS PERSONALES deben ser facilitados de forma veraz y completa, por lo tanto, se podr\u00e1n realizar las investigaciones y acciones que consideren necesarias, a efecto de comprobar a trav\u00e9s de cualquier tercero, dependencia u autoridad, la veracidad de los datos que fueron proporcionados.<\/p>\n<p>III. OPCIONES Y MEDIOS PARA LIMITAR EL USO O DIVULGACI\u00d3N DE DATOS<br \/>\nEn el supuesto que el USUARIO quisiera limitar el uso de sus DATOS PERSONALES y\/o dejar de recibir mensajes publicitarios o promocionales, deber\u00e1 enviar un correo electr\u00f3nico, indicando su nombre completo y la respectiva petici\u00f3n (limitaci\u00f3n de uso de DATOS PERSONALES y\/o petici\u00f3n de mensajes publicitarios o promocionales), a la siguiente direcci\u00f3n: ventas@makua.com.mx<\/p>\n<p>IV. MEDIOS PARA EJERCER LOS DERECHOS \u201cARCO\u201d ACCESO, RECTIFICACI\u00d3N, CANCELACI\u00d3N U OPOSICI\u00d3N.<br \/>\nEl USUARIO en cualquier momento puede ejercer los derechos de acceso, rectificaci\u00f3n, cancelaci\u00f3n y oposici\u00f3n (derechos \u201cARCO\u201d) respecto a sus DATOS PERSONALES y\/o DATOS PERSONALES PATRIMONIALES, el ejercicio de cualquiera de ellos no es requisito previo ni impide el ejercicio de otro.<br \/>\na) El derecho de ACCESO consiste en que el USUARIO podr\u00e1 acceder a sus DATOS PERSONALES que obren en poder de EL RECEPTOR, as\u00ed como conocer el presente AVISO DE PRIVACIDAD al que est\u00e1 sujeto el tratamiento.<br \/>\nb) El derecho de RECTIFICACI\u00d3N consiste en que el USUARIO podr\u00e1 rectificar sus DATOS PERSONALES que obren en poder de EL RECEPTOR cuando sean inexactos o incompletos.<br \/>\nc) El derecho de CANCELACI\u00d3N consiste en que el USUARIO podr\u00e1 cancelar sus DATOS PERSONALES que obren en poder de EL RECEPTOR en cualquier momento. La cancelaci\u00f3n de DATOS PERSONALES dar\u00e1 lugar a un periodo de bloqueo tras el cual se proceder\u00e1 a la supresi\u00f3n del dato. Una vez cancelado el dato se dar\u00e1 aviso al USUARIO.<br \/>\nEL RECEPTOR no est\u00e1 obligado a cancelar los DATOS PERSONALES del USUARIO cuando se est\u00e9 en cualquier supuesto previsto en el art\u00edculo 26 de la LFPDPPP.<br \/>\nd) El derecho de OPOSICI\u00d3N consiste en que el USUARIO en todo momento y por causa leg\u00edtima podr\u00e1 oponerse al tratamiento de sus DATOS PERSONALES. De resultar procedente, EL RECEPTOR no podr\u00e1 tratar los DATOS PERSONALES relativos al USUARIO.<\/p>\n<p>EJERCICIO DE LOS DERECHOS DE ACCESO, RECTIFICACI\u00d3N, CANCELACI\u00d3N U OPOSICI\u00d3N.<br \/>\nEl USUARIO podr\u00e1 en cualquier momento solicitar a EL RECEPTOR el acceso, rectificaci\u00f3n, cancelaci\u00f3n u oposici\u00f3n, respecto de los DATOS PERSONALES que le conciernen, para lo cual deber\u00e1 enviar SOLICITUD POR ESCRITO de acceso, rectificaci\u00f3n, cancelaci\u00f3n u oposici\u00f3n, (seg\u00fan se trate), a la direcci\u00f3n ventas@makua.com.mx adjuntando la siguiente informaci\u00f3n:<br \/>\na) Nombre del USUARIO<br \/>\nb) Declaraci\u00f3n de hechos (descripci\u00f3n clara y precisa de los datos personales respecto de los cuales se busca ejercer alguno de los derechos ARCO, as\u00ed como la indicaci\u00f3n del derecho ejercido.) c) Domicilio del USUARIO para o\u00edr y recibir notificaciones<br \/>\nd) Documento con el que se acredite el USUARIO identidad o personalidad para presentar la solicitud, a saber: i) Credencial del Instituto Nacional Electoral; ii) Pasaporte; iii) Cartilla del servicio militar; iv) Cedula Profesional; v) En caso de extranjero, documento que acredite su legal estancia en el pa\u00eds (visa de residencia temporal permanente).<br \/>\ne) En caso de que el titular nombre un representante, este \u00faltimo deber\u00e1 acreditar su personalidad con los siguientes medios: i) Instrumento p\u00fablico en el que conste la representaci\u00f3n y\/o mandato; ii) Carta poder firmada ante dos testigos, con credenciales oficiales vigentes.<\/p>\n<p>EL RECEPTOR comunicar\u00e1 la determinaci\u00f3n adaptada respecto de su solicitud dentro de un plazo m\u00e1ximo de (20) veinte d\u00edas h\u00e1biles contado desde la fecha de presentaci\u00f3n de su escrito y, si su derecho fuera procedente, \u00e9ste se har\u00e1 efectivo dentro de los (15) quince d\u00edas h\u00e1biles siguientes a dicha comunicaci\u00f3n.<\/p>\n<p>Trat\u00e1ndose de solicitudes de ACCESO a DATOS PERSONALES La obligaci\u00f3n de EL RECEPTOR se dar\u00e1 por cumplida cuando ponga a disposici\u00f3n del USUARIO los DATOS PERSONALES ya sea mediante la expedici\u00f3n de copias simples o medios magn\u00e9ticos u \u00f3pticos o sonoros o visuales o documentos electr\u00f3nicos o cualquier otro medio de tecnolog\u00eda que se considere adecuada.<\/p>\n<p>EL RECEPTOR dar\u00e1 tr\u00e1mite a las solicitudes de los USUARIOS, para el ejercicio de los DERECHOS ARCO.<\/p>\n<p>EL RECEPTOR podr\u00e1 negar el acceso a los DATOS PERSONALES, o a realizar la rectificaci\u00f3n o cancelaci\u00f3n o conceder la oposici\u00f3n al tratamiento de los mismos, en los supuestos previstos en el art\u00edculo 34 de la Ley Federal de Protecci\u00f3n de Datos Personales en Posesi\u00f3n de los Particulares (LFPDPPP).<\/p>\n<p>V. TRANSFERENCIA DE DATOS PERSONALES<br \/>\nLos DATOS PERSONALES recabados por EL RECEPTOR o facilitados, proporcionados y\/o suministrados por el USUARIO se incorporan a una base de datos propiedad de EL RECEPTOR acorde con el presente AVISO DE PRIVACIDAD o sus actualizaciones que, en su momento, se pongan a su disposici\u00f3n.<br \/>\nLos DATOS PERSONALES del USUARIO solo podr\u00e1n transferirse en t\u00e9rminos del art\u00edculo 37 de la LFPDPPP, a saber: i) cuando la transferencia est\u00e9 prevista en una Ley o Tratado en los que M\u00e9xico sea parte; ii) cuando la transferencia sea necesaria para la prevenci\u00f3n o el diagn\u00f3stico m\u00e9dico, la prestaci\u00f3n de asistencia sanitaria, tratamiento m\u00e9dico o la gesti\u00f3n de servicios sanitarios; iii) cuando la transferencia sea efectuada a sociedades controladoras, subsidiarias o afiliadas bajo el control com\u00fan de EL RECEPTOR o a una sociedad matriz o a cualquier sociedad del mismo grupo de EL RECEPTOR que opere bajo los mismos procesos y pol\u00edticas internas; iv) cuando la transferencia sea necesaria por virtud de un contrato celebrado o por celebrar en inter\u00e9s del USUARIO, por EL RECEPTOR y un tercero; v) cuando la transferencia sea necesaria o legalmente exigida para la salvaguarda de un inter\u00e9s p\u00fablico, o para la procuraci\u00f3n o administraci\u00f3n de justicia; vi) cuando la transferencia sea precisa para el reconocimiento, ejercicio o defensa de un derecho en un proceso judicial, y vii) cuando la transferencia sea precisa para el mantenimiento o cumplimiento de una relaci\u00f3n jur\u00eddica entre EL RECEPTOR y EL USUARIO.<\/p>\n<p>En ese sentido, EL RECEPTOR podr\u00e1 suministrar DATOS PERSONALES del USUARIO a las entidades con las que EL RECEPTOR tenga contratado alg\u00fan convenio de prestaci\u00f3n de servicios.<\/p>\n<p>VI. CAMBIOS AL AVISO DE PRIVACIDAD<br \/>\nEL RECEPTOR se reserva el derecho de efectuar en cualquier momento modificaciones o actualizaciones al presente AVISO DE PRIVACIDAD. En el supuesto de que exista cualquier modificaci\u00f3n o actualizaci\u00f3n, EL RECEPTOR comunicar\u00e1 al USUARIO, dichas modificaciones o actualizaciones en cualquiera de las siguientes dos opciones: ya sea envi\u00e1ndole un correo electr\u00f3nico a la cuenta que ha registrado el USUARIO o bien publicando una nota visible en cualquiera de los medios electr\u00f3nicos utilizadas por EL RECEPTOR (p\u00e1gina web y\/o aplicaciones tecnol\u00f3gicas).<\/p>\n<p>EL RECEPTOR no ser\u00e1 responsable por cualquier problema que tenga el USUARIO en su cuenta de correo electr\u00f3nico que no le permita recibir las modificaciones o actualizaciones del AVISO DE PRIVACIDAD, as\u00ed como tampoco ser\u00e1 responsable en caso de que el USUARIO no tenga acceso a los medios electr\u00f3nicos utilizadas por EL RECEPTOR (p\u00e1gina web y\/o aplicaciones tecnol\u00f3gicas) por causas no imputables a EL RECEPTOR.<\/p>\n<p>En el supuesto de que el Usuario no ejerciera su derecho de oposici\u00f3n a las modificaciones o actualizaciones, se mantendr\u00e1 el v\u00ednculo jur\u00eddico y el Tratamiento de los DATOS PERSONALES del USUARIO en la forma dispuesta por las nuevas disposiciones establecidas en este AVISO DE PRIVACIDAD por EL RECEPTOR.<\/p>\n<p>No obstante, lo anterior, es obligaci\u00f3n del Usuario revisar peri\u00f3dicamente este AVISO DE PRIVACIDAD.<\/p>\n<p>En el supuesto de que el USUARIO sea menor de edad o incapaz, no deber\u00e1 proporcionar ning\u00fan tipo de informaci\u00f3n personal, a saber, DATOS PERSONALES.<br \/>\nEL RECEPTOR se deslinda de cualquier responsabilidad por descuido o falta de cuidado de los padres o tutores del menor o incapaz.<\/p>\n<p>No obstante, lo anterior, en caso de que el menor o incapaz, proporcione DATOS PERSONALES a EL RECEPTOR este \u00faltimo, garantiza que gestionar\u00e1 las solicitudes derivadas del ejercicio de los derechos de acceso, cancelaci\u00f3n, rectificaci\u00f3n y oposici\u00f3n de los datos de los menores o incapaces por los padres o tutores de estos.<\/p>\n<p>VIII. POLITICA DE COOKIES, WEB BEACONS U OTRAS TECNOLOG\u00cdAS<br \/>\nMediante el presente AVISO DE PRIVACIDAD se hace de su conocimiento que EL RECEPTOR puede utilizar \u201ccookies\u201d, \u201cweb beacons\u201d, u \u201cotras tecnolog\u00edas\u201d para: 1. Confirmar su identificaci\u00f3n 2. Mejorar su navegaci\u00f3n 3. Mejorar las condiciones de funcionalidad 4. Evaluar el uso de sitio web 5. Campa\u00f1as promocionales y\/o publicitarias. 6. Monitorear el comportamiento en internet del USUARIO 7. Fines estad\u00edsticos 8. Marketing.<\/p>\n<p>REDES SOCIALES<br \/>\nSe informa que en EL SITIO WEB (Tienda Makua) se utilizan complementos, tecnolog\u00edas y cookies de interacci\u00f3n social, para vincular con sitios de redes sociales, a saber, Facebook, twitter, Instagram, entre otras, (en lo sucesivo REDES SOCIALES) lo anterior, con la finalidad de interactuar entre la actividad del USUARIO con estos sitios de REDES SOCIALES y la EL SITIO WEB (Tienda Makua).<\/p>\n<p>IX. JURISDICCION Y COMPETENCIA<br \/>\nPara la interpretaci\u00f3n y\/o cumplimiento del presente AVISO DE PRIVACIDAD, el USUARIO se somete a la jurisdicci\u00f3n y competencia de los Tribunales de la Ciudad de M\u00e9xico, renunciando por consecuencia a la jurisdicci\u00f3n de cualquier otro tribunal que, por raz\u00f3n de su domicilio presente u otra causa, corresponda o pudiera corresponder en el futuro.<\/p>\n<p>ULTIMA ACTUALIZACI\u00d3N: 22 DE MAYO DE 2020.<\/p>\n[\/vc_column_text][\/vc_column][vc_column width=&#8221;1\/6&#8243;][\/vc_column][\/vc_row][vc_row][vc_column][vc_empty_space height=&#8221;52px&#8221;][\/vc_column][\/vc_row]\n","protected":false},"excerpt":{"rendered":"[vc_row][vc_column width=&#8221;1\/6&#8243;][\/vc_column][vc_column width=&#8221;2\/3&#8243;][vc_column_text]En cumplimiento con lo dispuesto por el art\u00edculo 16 y dem\u00e1s relativos de la Ley Federal de Protecci\u00f3n de Datos Personales en Posesi\u00f3n de los Particulares (en lo sucesivo LFPDPPP) y su Reglamento (en lo sucesivo RLFPDPP), por este medio se da a conocer a Usted (en lo sucesivo \u201cUSUARIO\u201d) el siguiente: A [&#8230;]\n","protected":false},"author":1,"featured_media":0,"parent":0,"menu_order":0,"comment_status":"closed","ping_status":"closed","template":"","meta":{"footnotes":""},"class_list":["post-3223","page","type-page","status-publish","hentry"],"_links":{"self":[{"href":"https:\/\/makua.com.mx\/eshop\/wp-json\/wp\/v2\/pages\/3223","targetHints":{"allow":["GET"]}}],"collection":[{"href":"https:\/\/makua.com.mx\/eshop\/wp-json\/wp\/v2\/pages"}],"about":[{"href":"https:\/\/makua.com.mx\/eshop\/wp-json\/wp\/v2\/types\/page"}],"author":[{"embeddable":true,"href":"https:\/\/makua.com.mx\/eshop\/wp-json\/wp\/v2\/users\/1"}],"replies":[{"embeddable":true,"href":"https:\/\/makua.com.mx\/eshop\/wp-json\/wp\/v2\/comments?post=3223"}],"version-history":[{"count":3,"href":"https:\/\/makua.com.mx\/eshop\/wp-json\/wp\/v2\/pages\/3223\/revisions"}],"predecessor-version":[{"id":3957,"href":"https:\/\/makua.com.mx\/eshop\/wp-json\/wp\/v2\/pages\/3223\/revisions\/3957"}],"wp:attachment":[{"href":"https:\/\/makua.com.mx\/eshop\/wp-json\/wp\/v2\/media?parent=3223"}],"curies":[{"name":"wp","href":"https:\/\/api.w.org\/{rel}","templated":true}]}}